{"id":152113,"date":"2024-03-13T11:36:14","date_gmt":"2024-03-13T11:36:14","guid":{"rendered":"https:\/\/www.luxflat.lu\/contattaci\/"},"modified":"2024-06-18T07:51:12","modified_gmt":"2024-06-18T07:51:12","slug":"contate-nos","status":"publish","type":"page","link":"https:\/\/www.luxflat.lu\/pt-pt\/contate-nos\/","title":{"rendered":"Contate-nos"},"content":{"rendered":"\t\t<div data-elementor-type=\"wp-page\" data-elementor-id=\"152113\" class=\"elementor elementor-152113\">\n\t\t\t\t\t\t\t\t\t<section class=\"elementor-section elementor-top-section elementor-element elementor-element-e36ff2a elementor-section-height-min-height elementor-section-stretched lfcontan1 elementor-section-boxed elementor-section-height-default elementor-section-items-middle\" data-id=\"e36ff2a\" data-element_type=\"section\" data-settings=\"{&quot;stretch_section&quot;:&quot;section-stretched&quot;,&quot;background_background&quot;:&quot;classic&quot;}\">\n\t\t\t\t\t\t\t<div class=\"elementor-background-overlay\"><\/div>\n\t\t\t\t\t\t\t<div class=\"elementor-container elementor-column-gap-default\">\n\t\t\t\t\t<div class=\"elementor-column elementor-col-50 elementor-top-column elementor-element elementor-element-1e345f8 elementor-hidden-mobile\" data-id=\"1e345f8\" data-element_type=\"column\">\n\t\t\t<div class=\"elementor-widget-wrap elementor-element-populated\">\n\t\t\t\t\t\t\t\t<div class=\"elementor-element elementor-element-58ca1b2 elementor-widget elementor-widget-text-editor\" data-id=\"58ca1b2\" data-element_type=\"widget\" data-widget_type=\"text-editor.default\">\n\t\t\t\t<div class=\"elementor-widget-container\">\n\t\t\t<style>\/*! elementor - v3.14.0 - 26-06-2023 *\/\n.elementor-widget-text-editor.elementor-drop-cap-view-stacked .elementor-drop-cap{background-color:#69727d;color:#fff}.elementor-widget-text-editor.elementor-drop-cap-view-framed .elementor-drop-cap{color:#69727d;border:3px solid;background-color:transparent}.elementor-widget-text-editor:not(.elementor-drop-cap-view-default) .elementor-drop-cap{margin-top:8px}.elementor-widget-text-editor:not(.elementor-drop-cap-view-default) .elementor-drop-cap-letter{width:1em;height:1em}.elementor-widget-text-editor .elementor-drop-cap{float:left;text-align:center;line-height:1;font-size:50px}.elementor-widget-text-editor .elementor-drop-cap-letter{display:inline-block}<\/style>\t\t\t\t<p>Contate-nos. Iremos ajud\u00e1-lo a preparar a sua mudan\u00e7a ou a encontrar a casa perfeita para a sua pr\u00f3xima estadia em\u00a0<a href=\"https:\/\/en.wikipedia.org\/wiki\/Luxembourg\">Luxembourgo<\/a>.<\/p><p>Envie-nos uma uma mensagem com suas necessidades de acomoda\u00e7\u00e3o e nossa equipe enviar\u00e1 op\u00e7\u00f5es correspondentes o mais r\u00e1pido poss\u00edvel.<\/p><p>Voc\u00ea tamb\u00e9m pode nos encontrar no\u00a0<a href=\"https:\/\/www.facebook.com\/LuxembourgFlat\/\">Facebook<\/a>,\u00a0<a href=\"https:\/\/www.instagram.com\/luxflatluxembourg\/\">Instagram\u00a0<\/a>ou\u00a0<a href=\"https:\/\/www.linkedin.com\/company\/luxflat\/\">LinkedIn<\/a>\u00a0para saber mais sobre n\u00f3s. Nossas p\u00e1ginas t\u00eam muitas informa\u00e7\u00f5es interessantes e \u00fateis para ajudar a mant\u00ea-lo atualizado.<\/p>\t\t\t\t\t\t<\/div>\n\t\t\t\t<\/div>\n\t\t\t\t\t<\/div>\n\t\t<\/div>\n\t\t\t\t<div class=\"elementor-column elementor-col-50 elementor-top-column elementor-element elementor-element-f1ad72f\" data-id=\"f1ad72f\" data-element_type=\"column\" data-settings=\"{&quot;background_background&quot;:&quot;classic&quot;}\">\n\t\t\t<div class=\"elementor-widget-wrap elementor-element-populated\">\n\t\t\t\t\t\t\t\t<section class=\"elementor-section elementor-inner-section elementor-element elementor-element-21af091 elementor-section-boxed elementor-section-height-default elementor-section-height-default\" data-id=\"21af091\" data-element_type=\"section\">\n\t\t\t\t\t\t<div class=\"elementor-container elementor-column-gap-default\">\n\t\t\t\t\t<div class=\"elementor-column elementor-col-50 elementor-inner-column elementor-element elementor-element-286241f\" data-id=\"286241f\" data-element_type=\"column\">\n\t\t\t<div class=\"elementor-widget-wrap elementor-element-populated\">\n\t\t\t\t\t\t\t\t<div class=\"elementor-element elementor-element-8254e11 elementor-widget elementor-widget-image\" data-id=\"8254e11\" data-element_type=\"widget\" data-widget_type=\"image.default\">\n\t\t\t\t<div class=\"elementor-widget-container\">\n\t\t\t<style>\/*! elementor - v3.14.0 - 26-06-2023 *\/\n.elementor-widget-image{text-align:center}.elementor-widget-image a{display:inline-block}.elementor-widget-image a img[src$=\".svg\"]{width:48px}.elementor-widget-image img{vertical-align:middle;display:inline-block}<\/style>\t\t\t\t\t\t\t\t\t\t\t\t<img loading=\"lazy\" decoding=\"async\" width=\"150\" height=\"150\" src=\"https:\/\/www.luxflat.lu\/wp-content\/uploads\/2021\/10\/random_face-150x150.jpg\" class=\"attachment-thumbnail size-thumbnail wp-image-18723\" alt=\"\" srcset=\"https:\/\/www.luxflat.lu\/wp-content\/uploads\/2021\/10\/random_face-150x150.jpg 150w, https:\/\/www.luxflat.lu\/wp-content\/uploads\/2021\/10\/random_face-60x60.jpg 60w, https:\/\/www.luxflat.lu\/wp-content\/uploads\/2021\/10\/random_face-300x300.jpg 300w, https:\/\/www.luxflat.lu\/wp-content\/uploads\/2021\/10\/random_face-100x100.jpg 100w\" sizes=\"auto, (max-width: 150px) 100vw, 150px\" \/>\t\t\t\t\t\t\t\t\t\t\t\t\t\t\t<\/div>\n\t\t\t\t<\/div>\n\t\t\t\t\t<\/div>\n\t\t<\/div>\n\t\t\t\t<div class=\"elementor-column elementor-col-50 elementor-inner-column elementor-element elementor-element-54a261f\" data-id=\"54a261f\" data-element_type=\"column\">\n\t\t\t<div class=\"elementor-widget-wrap elementor-element-populated\">\n\t\t\t\t\t\t\t\t<div class=\"elementor-element elementor-element-1e16ff9 elementor-widget elementor-widget-heading\" data-id=\"1e16ff9\" data-element_type=\"widget\" data-widget_type=\"heading.default\">\n\t\t\t\t<div class=\"elementor-widget-container\">\n\t\t\t<style>\/*! elementor - v3.14.0 - 26-06-2023 *\/\n.elementor-heading-title{padding:0;margin:0;line-height:1}.elementor-widget-heading .elementor-heading-title[class*=elementor-size-]>a{color:inherit;font-size:inherit;line-height:inherit}.elementor-widget-heading .elementor-heading-title.elementor-size-small{font-size:15px}.elementor-widget-heading .elementor-heading-title.elementor-size-medium{font-size:19px}.elementor-widget-heading .elementor-heading-title.elementor-size-large{font-size:29px}.elementor-widget-heading .elementor-heading-title.elementor-size-xl{font-size:39px}.elementor-widget-heading .elementor-heading-title.elementor-size-xxl{font-size:59px}<\/style><h2 class=\"elementor-heading-title elementor-size-default\">Contate-nos<\/h2>\t\t<\/div>\n\t\t\t\t<\/div>\n\t\t\t\t\t<\/div>\n\t\t<\/div>\n\t\t\t\t\t\t\t<\/div>\n\t\t<\/section>\n\t\t\t\t<div class=\"elementor-element elementor-element-174de8b elementor-widget elementor-widget-shortcode\" data-id=\"174de8b\" data-element_type=\"widget\" data-widget_type=\"shortcode.default\">\n\t\t\t\t<div class=\"elementor-widget-container\">\n\t\t\t\t\t<div class=\"elementor-shortcode\"><div class=\"forminator-ui forminator-custom-form forminator-custom-form-152049 forminator-design--material  \" data-forminator-render=\"0\" data-form=\"forminator-module-152049\" data-uid=\"69f26b37f25f8\"><br\/><\/div><form\n\t\t\t\tid=\"forminator-module-152049\"\n\t\t\t\tclass=\"forminator-ui forminator-custom-form forminator-custom-form-152049 forminator-design--material  \"\n\t\t\t\tmethod=\"post\"\n\t\t\t\tdata-forminator-render=\"0\"\n\t\t\t\tdata-form-id=\"152049\"\n\t\t\t\t\n\t\t\t\tdata-design=\"material\"\n\t\t\t\t\n\t\t\t\t\n\t\t\t\t\n\t\t\t\tdata-grid=\"open\"\n\t\t\t\t\n\t\t\t\t\n\t\t\t\tstyle=\"display: none;\"\n\t\t\t\t\n\t\t\t\tdata-uid=\"69f26b37f25f8\"\n\t\t\t><div role=\"alert\" aria-live=\"polite\" class=\"forminator-response-message forminator-error\" aria-hidden=\"true\"><\/div><div class=\"forminator-row\"><div id=\"name-1\" class=\"forminator-field-name forminator-col forminator-col-6 \"><div class=\"forminator-field\"><label for=\"forminator-field-name-1_69f26b37f25f8\" id=\"forminator-field-name-1_69f26b37f25f8-label\" class=\"forminator-label\">Nome <span class=\"forminator-required\">*<\/span><\/label><input type=\"text\" name=\"name-1\" value=\"\" placeholder=\"E.g. John Smith\" id=\"forminator-field-name-1_69f26b37f25f8\" class=\"forminator-input forminator-name--field\" aria-required=\"true\" \/><\/div><\/div><div id=\"name-2\" class=\"forminator-field-name forminator-col forminator-col-6 \"><div class=\"forminator-field\"><label for=\"forminator-field-name-2_69f26b37f25f8\" id=\"forminator-field-name-2_69f26b37f25f8-label\" class=\"forminator-label\">Nome da empresa<\/label><input type=\"text\" name=\"name-2\" value=\"\" placeholder=\"E.g. Microsoft\" id=\"forminator-field-name-2_69f26b37f25f8\" class=\"forminator-input forminator-name--field\" aria-required=\"false\" \/><\/div><\/div><\/div><div class=\"forminator-row\"><div id=\"phone-1\" class=\"forminator-field-phone forminator-col forminator-col-6 \"><div class=\"forminator-field\"><label for=\"forminator-field-phone-1_69f26b37f25f8\" id=\"forminator-field-phone-1_69f26b37f25f8-label\" class=\"forminator-label\">N\u00famero de telefone <span class=\"forminator-required\">*<\/span><\/label><input type=\"text\" name=\"phone-1\" value=\"\" placeholder=\"E.g. +1 3004005000\" id=\"forminator-field-phone-1_69f26b37f25f8\" class=\"forminator-input forminator-field--phone\" data-required=\"1\" aria-required=\"true\" autocomplete=\"off\" data-national_mode=\"disabled\" data-country=\"lu\" data-validation=\"international\" \/><\/div><\/div><div id=\"email-1\" class=\"forminator-field-email forminator-col forminator-col-6 \"><div class=\"forminator-field\"><label for=\"forminator-field-email-1_69f26b37f25f8\" id=\"forminator-field-email-1_69f26b37f25f8-label\" class=\"forminator-label\">Endere\u00e7o de e-mail <span class=\"forminator-required\">*<\/span><\/label><input type=\"email\" name=\"email-1\" value=\"\" placeholder=\"E.g. john@doe.com\" id=\"forminator-field-email-1_69f26b37f25f8\" class=\"forminator-input forminator-email--field\" data-required=\"true\" aria-required=\"true\" \/><\/div><\/div><\/div><div class=\"forminator-row\"><div id=\"select-1\" class=\"forminator-field-select forminator-col forminator-col-4  citysel\"><div class=\"forminator-field\"><label for=\"forminator-form-152049__field--select-1_69f26b37f25f8\" id=\"forminator-form-152049__field--select-1_69f26b37f25f8-label\" class=\"forminator-label\">Select<\/label><select  id=\"forminator-form-152049__field--select-1_69f26b37f25f8\" class=\"forminator-select--field forminator-select2 forminator-select2-multiple\" data-required=\"\" name=\"select-1\" data-default-value=\"\" data-placeholder=\"Cidade\" data-search=\"false\" data-search-placeholder=\"Cidade\" data-checkbox=\"false\" data-allow-clear=\"false\" aria-labelledby=\"forminator-form-152049__field--select-1_69f26b37f25f8-label\"><option value=\"\"  >Cidade<\/option><option value=\"luxemburgo\"  data-calculation=\"0\">Luxemburgo<\/option><option value=\"londres\"  data-calculation=\"0\">Londres<\/option><option value=\"dubai\"  data-calculation=\"0\">Dubai<\/option><option value=\"paris\"  data-calculation=\"0\">Paris<\/option><option value=\"madri\"  data-calculation=\"0\">Madri<\/option><option value=\"berlim\"  data-calculation=\"0\">Berlim<\/option><option value=\"munique\"  data-calculation=\"0\">Munique<\/option><option value=\"bruxelas\"  data-calculation=\"0\">Bruxelas<\/option><option value=\"amsterd\"  data-calculation=\"0\">Amsterd\u00e3<\/option><\/select><\/div><\/div><div id=\"date-1\" class=\"forminator-field-date forminator-col forminator-col-4 \"><div class=\"forminator-field\"><label for=\"forminator-field-date-1-picker_69f26b37f25f8\" id=\"forminator-field-date-1-picker_69f26b37f25f8-label\" class=\"forminator-label\">Check in <span class=\"forminator-required\">*<\/span><\/label><div class=\"forminator-input-with-icon\"><span class=\"forminator-icon-calendar\" aria-hidden=\"true\"><\/span><input autocomplete=\"off\" type=\"text\" size=\"1\" name=\"date-1\" value=\"\" placeholder=\"Choose Date\" id=\"forminator-field-date-1-picker_69f26b37f25f8\" class=\"forminator-input forminator-datepicker\" data-required=\"1\" data-format=\"dd\/mm\/yy\" data-restrict-type=\"\" data-restrict=\"\" data-start-year=\"1926\" data-end-year=\"2126\" data-past-dates=\"enable\" data-start-of-week=\"1\" data-start-date=\"\" data-end-date=\"\" data-start-field=\"\" data-end-field=\"\" data-start-offset=\"\" data-end-offset=\"\" data-disable-date=\"\" data-disable-range=\"\" \/><\/div><\/div><\/div><div id=\"date-2\" class=\"forminator-field-date forminator-col forminator-col-4 \"><div class=\"forminator-field\"><label for=\"forminator-field-date-2-picker_69f26b37f25f8\" id=\"forminator-field-date-2-picker_69f26b37f25f8-label\" class=\"forminator-label\">Check out <span class=\"forminator-required\">*<\/span><\/label><div class=\"forminator-input-with-icon\"><span class=\"forminator-icon-calendar\" aria-hidden=\"true\"><\/span><input autocomplete=\"off\" type=\"text\" size=\"1\" name=\"date-2\" value=\"\" placeholder=\"Choose Date\" id=\"forminator-field-date-2-picker_69f26b37f25f8\" class=\"forminator-input forminator-datepicker\" data-required=\"1\" data-format=\"dd\/mm\/yy\" data-restrict-type=\"\" data-restrict=\"\" data-start-year=\"1926\" data-end-year=\"2126\" data-past-dates=\"enable\" data-start-of-week=\"1\" data-start-date=\"\" data-end-date=\"\" data-start-field=\"\" data-end-field=\"\" data-start-offset=\"\" data-end-offset=\"\" data-disable-date=\"\" data-disable-range=\"\" \/><\/div><\/div><\/div><\/div><div class=\"forminator-row\"><div id=\"number-1\" class=\"forminator-field-number forminator-col forminator-col-4 \"><div class=\"forminator-field\"><label for=\"forminator-field-number-1_69f26b37f25f8\" id=\"forminator-field-number-1_69f26b37f25f8-label\" class=\"forminator-label\">Adultos <span class=\"forminator-required\">*<\/span><\/label><input name=\"number-1\" value=\"1\" placeholder=\"E.g. 1\" id=\"forminator-field-number-1_69f26b37f25f8\" class=\"forminator-input forminator-number--field\" inputmode=\"decimal\" data-required=\"1\" data-decimals=\"0\" aria-required=\"true\" data-inputmask=\"&#039;groupSeparator&#039;: &#039;&#039;, &#039;radixPoint&#039;: &#039;&#039;, &#039;digits&#039;: &#039;0&#039;\" type=\"number\" step=\"any\" min=\"1\" max=\"150\" \/><\/div><\/div><div id=\"number-2\" class=\"forminator-field-number forminator-col forminator-col-4 \"><div class=\"forminator-field\"><label for=\"forminator-field-number-2_69f26b37f25f8\" id=\"forminator-field-number-2_69f26b37f25f8-label\" class=\"forminator-label\">Crian\u00e7as <span class=\"forminator-required\">*<\/span><\/label><input name=\"number-2\" value=\"0\" placeholder=\"E.g. 2\" id=\"forminator-field-number-2_69f26b37f25f8\" class=\"forminator-input forminator-number--field\" inputmode=\"decimal\" data-required=\"1\" data-decimals=\"0\" aria-required=\"true\" data-inputmask=\"&#039;groupSeparator&#039;: &#039;&#039;, &#039;radixPoint&#039;: &#039;&#039;, &#039;digits&#039;: &#039;0&#039;\" type=\"number\" step=\"any\" min=\"0\" max=\"10\" \/><\/div><\/div><div id=\"number-3\" class=\"forminator-field-number forminator-col forminator-col-4  smalllabel\"><div class=\"forminator-field\"><label for=\"forminator-field-number-3_69f26b37f25f8\" id=\"forminator-field-number-3_69f26b37f25f8-label\" class=\"forminator-label\">Max daily budget \u20ac <span class=\"forminator-required\">*<\/span><\/label><input name=\"number-3\" value=\"\" placeholder=\"E.g. 10\" id=\"forminator-field-number-3_69f26b37f25f8\" class=\"forminator-input forminator-number--field\" inputmode=\"decimal\" data-required=\"1\" data-decimals=\"0\" aria-required=\"true\" data-inputmask=\"&#039;groupSeparator&#039;: &#039;&#039;, &#039;radixPoint&#039;: &#039;&#039;, &#039;digits&#039;: &#039;0&#039;\" type=\"number\" step=\"any\" min=\"90\" \/><\/div><\/div><\/div><div class=\"forminator-row\"><div id=\"textarea-1\" class=\"forminator-field-textarea forminator-col forminator-col-12 \"><div class=\"forminator-field\"><label for=\"forminator-field-textarea-1_69f26b37f25f8\" id=\"forminator-field-textarea-1_69f26b37f25f8-label\" class=\"forminator-label\">Mensagem<\/label><textarea name=\"textarea-1\" placeholder=\"Enter your message...\" id=\"forminator-field-textarea-1_69f26b37f25f8\" class=\"forminator-textarea\" rows=\"6\" style=\"min-height:140px;\" maxlength=\"180\" ><\/textarea><span id=\"forminator-field-textarea-1_69f26b37f25f8-description\" class=\"forminator-description\"><span data-limit=\"180\" data-type=\"characters\" data-editor=\"\">0 \/ 180<\/span><\/span><\/div><\/div><\/div><div class=\"forminator-row\"><\/div><input type=\"hidden\" name=\"referer_url\" value=\"\" \/><div class=\"forminator-row forminator-row-last\"><div class=\"forminator-col\"><div class=\"forminator-field\"><button class=\"forminator-button forminator-button-submit\"><span>Mensagem<\/span><span aria-hidden=\"true\"><\/span><\/button><\/div><\/div><\/div><input type=\"hidden\" id=\"forminator_nonce\" name=\"forminator_nonce\" value=\"efc304e41b\" \/><input type=\"hidden\" name=\"_wp_http_referer\" value=\"\/pt-pt\/wp-json\/wp\/v2\/pages\/152113\" \/><input type=\"hidden\" name=\"form_id\" value=\"152049\"><input type=\"hidden\" name=\"page_id\" value=\"152113\"><input type=\"hidden\" name=\"form_type\" value=\"default\"><input type=\"hidden\" name=\"current_url\" value=\"https:\/\/www.luxflat.lu\/pt-pt\/contate-nos\/\"><input type=\"hidden\" name=\"render_id\" value=\"0\"><input type=\"hidden\" name=\"action\" value=\"forminator_submit_form_custom-forms\"><\/form><\/div>\n\t\t\t\t<\/div>\n\t\t\t\t<\/div>\n\t\t\t\t\t<\/div>\n\t\t<\/div>\n\t\t\t\t\t\t\t<\/div>\n\t\t<\/section>\n\t\t\t\t<section class=\"elementor-section elementor-top-section elementor-element elementor-element-00c127f elementor-section-boxed elementor-section-height-default elementor-section-height-default\" data-id=\"00c127f\" data-element_type=\"section\">\n\t\t\t\t\t\t<div class=\"elementor-container elementor-column-gap-default\">\n\t\t\t\t\t<div class=\"elementor-column elementor-col-100 elementor-top-column elementor-element elementor-element-8aff85e\" data-id=\"8aff85e\" data-element_type=\"column\">\n\t\t\t<div class=\"elementor-widget-wrap elementor-element-populated\">\n\t\t\t\t\t\t\t\t<div class=\"elementor-element elementor-element-ef4eaec elementor-widget elementor-widget-heading\" data-id=\"ef4eaec\" data-element_type=\"widget\" data-widget_type=\"heading.default\">\n\t\t\t\t<div class=\"elementor-widget-container\">\n\t\t\t<h2 class=\"elementor-heading-title elementor-size-default\">Why Luxflat?<\/h2>\t\t<\/div>\n\t\t\t\t<\/div>\n\t\t\t\t\t<\/div>\n\t\t<\/div>\n\t\t\t\t\t\t\t<\/div>\n\t\t<\/section>\n\t\t\t\t<section class=\"elementor-section elementor-top-section elementor-element elementor-element-b50076f elementor-section-boxed elementor-section-height-default elementor-section-height-default\" data-id=\"b50076f\" data-element_type=\"section\">\n\t\t\t\t\t\t<div class=\"elementor-container elementor-column-gap-default\">\n\t\t\t\t\t<div class=\"elementor-column elementor-col-33 elementor-top-column elementor-element elementor-element-dfe5942\" data-id=\"dfe5942\" data-element_type=\"column\">\n\t\t\t<div class=\"elementor-widget-wrap elementor-element-populated\">\n\t\t\t\t\t\t\t\t<div class=\"elementor-element elementor-element-dec9ed6 elementor-position-top elementor-vertical-align-top elementor-widget elementor-widget-image-box\" data-id=\"dec9ed6\" data-element_type=\"widget\" data-widget_type=\"image-box.default\">\n\t\t\t\t<div class=\"elementor-widget-container\">\n\t\t\t<style>\/*! elementor - v3.14.0 - 26-06-2023 *\/\n.elementor-widget-image-box .elementor-image-box-content{width:100%}@media (min-width:768px){.elementor-widget-image-box.elementor-position-left .elementor-image-box-wrapper,.elementor-widget-image-box.elementor-position-right .elementor-image-box-wrapper{display:flex}.elementor-widget-image-box.elementor-position-right .elementor-image-box-wrapper{text-align:right;flex-direction:row-reverse}.elementor-widget-image-box.elementor-position-left .elementor-image-box-wrapper{text-align:left;flex-direction:row}.elementor-widget-image-box.elementor-position-top .elementor-image-box-img{margin:auto}.elementor-widget-image-box.elementor-vertical-align-top .elementor-image-box-wrapper{align-items:flex-start}.elementor-widget-image-box.elementor-vertical-align-middle .elementor-image-box-wrapper{align-items:center}.elementor-widget-image-box.elementor-vertical-align-bottom .elementor-image-box-wrapper{align-items:flex-end}}@media (max-width:767px){.elementor-widget-image-box .elementor-image-box-img{margin-left:auto!important;margin-right:auto!important;margin-bottom:15px}}.elementor-widget-image-box .elementor-image-box-img{display:inline-block}.elementor-widget-image-box .elementor-image-box-title a{color:inherit}.elementor-widget-image-box .elementor-image-box-wrapper{text-align:center}.elementor-widget-image-box .elementor-image-box-description{margin:0}<\/style><div class=\"elementor-image-box-wrapper\"><figure class=\"elementor-image-box-img\"><img loading=\"lazy\" decoding=\"async\" width=\"256\" height=\"256\" src=\"https:\/\/www.luxflat.lu\/wp-content\/uploads\/2024\/02\/kitchen-table.png\" class=\"attachment-full size-full wp-image-60188\" alt=\"\" srcset=\"https:\/\/www.luxflat.lu\/wp-content\/uploads\/2024\/02\/kitchen-table.png 256w, https:\/\/www.luxflat.lu\/wp-content\/uploads\/2024\/02\/kitchen-table-150x150.png 150w, https:\/\/www.luxflat.lu\/wp-content\/uploads\/2024\/02\/kitchen-table-60x60.png 60w, https:\/\/www.luxflat.lu\/wp-content\/uploads\/2024\/02\/kitchen-table-100x100.png 100w\" sizes=\"auto, (max-width: 256px) 100vw, 256px\" \/><\/figure><div class=\"elementor-image-box-content\"><p class=\"elementor-image-box-description\">Fully equipped kitchen.<\/p><\/div><\/div>\t\t<\/div>\n\t\t\t\t<\/div>\n\t\t\t\t\t<\/div>\n\t\t<\/div>\n\t\t\t\t<div class=\"elementor-column elementor-col-33 elementor-top-column elementor-element elementor-element-a2610d4\" data-id=\"a2610d4\" data-element_type=\"column\">\n\t\t\t<div class=\"elementor-widget-wrap elementor-element-populated\">\n\t\t\t\t\t\t\t\t<div class=\"elementor-element elementor-element-e9f9a52 elementor-view-default elementor-mobile-position-top elementor-vertical-align-top elementor-widget elementor-widget-icon-box\" data-id=\"e9f9a52\" data-element_type=\"widget\" data-widget_type=\"icon-box.default\">\n\t\t\t\t<div class=\"elementor-widget-container\">\n\t\t\t<link rel=\"stylesheet\" href=\"https:\/\/www.luxflat.lu\/wp-content\/plugins\/elementor\/assets\/css\/widget-icon-box.min.css\">\t\t<div class=\"elementor-icon-box-wrapper\">\n\t\t\t\t\t\t<div class=\"elementor-icon-box-icon\">\n\t\t\t\t<span class=\"elementor-icon elementor-animation-\" >\n\t\t\t\t<i aria-hidden=\"true\" class=\"fas fa-broom\"><\/i>\t\t\t\t<\/span>\n\t\t\t<\/div>\n\t\t\t\t\t\t<div class=\"elementor-icon-box-content\">\n\t\t\t\t<h3 class=\"elementor-icon-box-title\">\n\t\t\t\t\t<span  >\n\t\t\t\t\t\t\t\t\t\t\t<\/span>\n\t\t\t\t<\/h3>\n\t\t\t\t\t\t\t\t\t<p class=\"elementor-icon-box-description\">\n\t\t\t\t\t\tWeekly cleaning and linen change.\t\t\t\t\t<\/p>\n\t\t\t\t\t\t\t<\/div>\n\t\t<\/div>\n\t\t\t\t<\/div>\n\t\t\t\t<\/div>\n\t\t\t\t\t<\/div>\n\t\t<\/div>\n\t\t\t\t<div class=\"elementor-column elementor-col-33 elementor-top-column elementor-element elementor-element-7b1d506\" data-id=\"7b1d506\" data-element_type=\"column\">\n\t\t\t<div class=\"elementor-widget-wrap elementor-element-populated\">\n\t\t\t\t\t\t\t\t<div class=\"elementor-element elementor-element-20a3796 elementor-position-top elementor-vertical-align-top elementor-widget elementor-widget-image-box\" data-id=\"20a3796\" data-element_type=\"widget\" data-widget_type=\"image-box.default\">\n\t\t\t\t<div class=\"elementor-widget-container\">\n\t\t\t<div class=\"elementor-image-box-wrapper\"><figure class=\"elementor-image-box-img\"><img loading=\"lazy\" decoding=\"async\" width=\"256\" height=\"256\" src=\"https:\/\/www.luxflat.lu\/wp-content\/uploads\/2024\/02\/working.png\" class=\"attachment-full size-full wp-image-60189\" alt=\"\" srcset=\"https:\/\/www.luxflat.lu\/wp-content\/uploads\/2024\/02\/working.png 256w, https:\/\/www.luxflat.lu\/wp-content\/uploads\/2024\/02\/working-150x150.png 150w, https:\/\/www.luxflat.lu\/wp-content\/uploads\/2024\/02\/working-60x60.png 60w, https:\/\/www.luxflat.lu\/wp-content\/uploads\/2024\/02\/working-100x100.png 100w\" sizes=\"auto, (max-width: 256px) 100vw, 256px\" \/><\/figure><div class=\"elementor-image-box-content\"><p class=\"elementor-image-box-description\">Working Space<\/p><\/div><\/div>\t\t<\/div>\n\t\t\t\t<\/div>\n\t\t\t\t\t<\/div>\n\t\t<\/div>\n\t\t\t\t\t\t\t<\/div>\n\t\t<\/section>\n\t\t\t\t\t\t\t<\/div>\n\t\t","protected":false},"excerpt":{"rendered":"<p>Contate-nos. Iremos ajud\u00e1-lo a preparar a sua mudan\u00e7a ou a encontrar a casa perfeita para a sua pr\u00f3xima estadia em\u00a0Luxembourgo. Envie-nos uma uma mensagem com suas necessidades de acomoda\u00e7\u00e3o e nossa equipe enviar\u00e1 op\u00e7\u00f5es correspondentes o mais r\u00e1pido poss\u00edvel. Voc\u00ea tamb\u00e9m pode nos encontrar no\u00a0Facebook,\u00a0Instagram\u00a0ou\u00a0LinkedIn\u00a0para saber mais sobre n\u00f3s. Nossas p\u00e1ginas t\u00eam muitas informa\u00e7\u00f5es interessantes &#8230;<\/p>\n","protected":false},"author":1,"featured_media":0,"parent":0,"menu_order":0,"comment_status":"closed","ping_status":"closed","template":"elementor_header_footer","meta":{"_acf_changed":false,"inline_featured_image":false,"footnotes":""},"class_list":["post-152113","page","type-page","status-publish","hentry"],"acf":[],"aioseo_notices":[],"_links":{"self":[{"href":"https:\/\/www.luxflat.lu\/pt-pt\/wp-json\/wp\/v2\/pages\/152113","targetHints":{"allow":["GET"]}}],"collection":[{"href":"https:\/\/www.luxflat.lu\/pt-pt\/wp-json\/wp\/v2\/pages"}],"about":[{"href":"https:\/\/www.luxflat.lu\/pt-pt\/wp-json\/wp\/v2\/types\/page"}],"author":[{"embeddable":true,"href":"https:\/\/www.luxflat.lu\/pt-pt\/wp-json\/wp\/v2\/users\/1"}],"replies":[{"embeddable":true,"href":"https:\/\/www.luxflat.lu\/pt-pt\/wp-json\/wp\/v2\/comments?post=152113"}],"version-history":[{"count":4,"href":"https:\/\/www.luxflat.lu\/pt-pt\/wp-json\/wp\/v2\/pages\/152113\/revisions"}],"predecessor-version":[{"id":152117,"href":"https:\/\/www.luxflat.lu\/pt-pt\/wp-json\/wp\/v2\/pages\/152113\/revisions\/152117"}],"wp:attachment":[{"href":"https:\/\/www.luxflat.lu\/pt-pt\/wp-json\/wp\/v2\/media?parent=152113"}],"curies":[{"name":"wp","href":"https:\/\/api.w.org\/{rel}","templated":true}]}}