{"id":64693,"date":"2024-03-13T11:36:14","date_gmt":"2024-03-13T11:36:14","guid":{"rendered":"https:\/\/www.luxflat.lu\/?page_id=64693"},"modified":"2024-06-18T07:54:36","modified_gmt":"2024-06-18T07:54:36","slug":"contactez-nous","status":"publish","type":"page","link":"https:\/\/www.luxflat.lu\/fr\/contactez-nous\/","title":{"rendered":"Contactez nous"},"content":{"rendered":"\t\t<div data-elementor-type=\"wp-page\" data-elementor-id=\"64693\" class=\"elementor elementor-64693\">\n\t\t\t\t\t\t\t\t\t<section class=\"elementor-section elementor-top-section elementor-element elementor-element-72ec634 elementor-section-height-min-height elementor-section-stretched lfcontan1 elementor-section-boxed elementor-section-height-default elementor-section-items-middle\" data-id=\"72ec634\" data-element_type=\"section\" data-settings=\"{&quot;stretch_section&quot;:&quot;section-stretched&quot;,&quot;background_background&quot;:&quot;classic&quot;}\">\n\t\t\t\t\t\t\t<div class=\"elementor-background-overlay\"><\/div>\n\t\t\t\t\t\t\t<div class=\"elementor-container elementor-column-gap-default\">\n\t\t\t\t\t<div class=\"elementor-column elementor-col-50 elementor-top-column elementor-element elementor-element-b83cc4b elementor-hidden-mobile\" data-id=\"b83cc4b\" data-element_type=\"column\">\n\t\t\t<div class=\"elementor-widget-wrap elementor-element-populated\">\n\t\t\t\t\t\t\t\t<div class=\"elementor-element elementor-element-e057da5 elementor-widget elementor-widget-text-editor\" data-id=\"e057da5\" data-element_type=\"widget\" data-widget_type=\"text-editor.default\">\n\t\t\t\t<div class=\"elementor-widget-container\">\n\t\t\t<style>\/*! elementor - v3.14.0 - 26-06-2023 *\/\n.elementor-widget-text-editor.elementor-drop-cap-view-stacked .elementor-drop-cap{background-color:#69727d;color:#fff}.elementor-widget-text-editor.elementor-drop-cap-view-framed .elementor-drop-cap{color:#69727d;border:3px solid;background-color:transparent}.elementor-widget-text-editor:not(.elementor-drop-cap-view-default) .elementor-drop-cap{margin-top:8px}.elementor-widget-text-editor:not(.elementor-drop-cap-view-default) .elementor-drop-cap-letter{width:1em;height:1em}.elementor-widget-text-editor .elementor-drop-cap{float:left;text-align:center;line-height:1;font-size:50px}.elementor-widget-text-editor .elementor-drop-cap-letter{display:inline-block}<\/style>\t\t\t\t<p>Nous serions ravis de vous aider \u00e0 pr\u00e9parer votre d\u00e9m\u00e9nagement ou \u00e0 trouver la maison parfaite pour votre prochain s\u00e9jour au Luxembourg.<\/p><p>Faites-nous part de vos besoins en mati\u00e8re d\u2019h\u00e9bergement et notre \u00e9quipe vous enverra des options correspondantes \u00e0 la vitesse de l\u2019\u00e9clair.<\/p>\t\t\t\t\t\t<\/div>\n\t\t\t\t<\/div>\n\t\t\t\t\t<\/div>\n\t\t<\/div>\n\t\t\t\t<div class=\"elementor-column elementor-col-50 elementor-top-column elementor-element elementor-element-3b3daac\" data-id=\"3b3daac\" data-element_type=\"column\" data-settings=\"{&quot;background_background&quot;:&quot;classic&quot;}\">\n\t\t\t<div class=\"elementor-widget-wrap elementor-element-populated\">\n\t\t\t\t\t\t\t\t<section class=\"elementor-section elementor-inner-section elementor-element elementor-element-89d462a elementor-section-boxed elementor-section-height-default elementor-section-height-default\" data-id=\"89d462a\" data-element_type=\"section\">\n\t\t\t\t\t\t<div class=\"elementor-container elementor-column-gap-default\">\n\t\t\t\t\t<div class=\"elementor-column elementor-col-50 elementor-inner-column elementor-element elementor-element-79eb379\" data-id=\"79eb379\" data-element_type=\"column\">\n\t\t\t<div class=\"elementor-widget-wrap elementor-element-populated\">\n\t\t\t\t\t\t\t\t<div class=\"elementor-element elementor-element-d592de4 elementor-widget elementor-widget-image\" data-id=\"d592de4\" data-element_type=\"widget\" data-widget_type=\"image.default\">\n\t\t\t\t<div class=\"elementor-widget-container\">\n\t\t\t<style>\/*! elementor - v3.14.0 - 26-06-2023 *\/\n.elementor-widget-image{text-align:center}.elementor-widget-image a{display:inline-block}.elementor-widget-image a img[src$=\".svg\"]{width:48px}.elementor-widget-image img{vertical-align:middle;display:inline-block}<\/style>\t\t\t\t\t\t\t\t\t\t\t\t<img loading=\"lazy\" decoding=\"async\" width=\"150\" height=\"150\" src=\"https:\/\/www.luxflat.lu\/wp-content\/uploads\/2024\/06\/random_face-150x150.jpg\" class=\"attachment-thumbnail size-thumbnail wp-image-152123\" alt=\"\" srcset=\"https:\/\/www.luxflat.lu\/wp-content\/uploads\/2024\/06\/random_face-150x150.jpg 150w, https:\/\/www.luxflat.lu\/wp-content\/uploads\/2024\/06\/random_face-60x60.jpg 60w, https:\/\/www.luxflat.lu\/wp-content\/uploads\/2024\/06\/random_face-300x300.jpg 300w, https:\/\/www.luxflat.lu\/wp-content\/uploads\/2024\/06\/random_face-100x100.jpg 100w\" sizes=\"auto, (max-width: 150px) 100vw, 150px\" \/>\t\t\t\t\t\t\t\t\t\t\t\t\t\t\t<\/div>\n\t\t\t\t<\/div>\n\t\t\t\t\t<\/div>\n\t\t<\/div>\n\t\t\t\t<div class=\"elementor-column elementor-col-50 elementor-inner-column elementor-element elementor-element-d35384f\" data-id=\"d35384f\" data-element_type=\"column\">\n\t\t\t<div class=\"elementor-widget-wrap elementor-element-populated\">\n\t\t\t\t\t\t\t\t<div class=\"elementor-element elementor-element-bed0197 elementor-widget elementor-widget-heading\" data-id=\"bed0197\" data-element_type=\"widget\" data-widget_type=\"heading.default\">\n\t\t\t\t<div class=\"elementor-widget-container\">\n\t\t\t<style>\/*! elementor - v3.14.0 - 26-06-2023 *\/\n.elementor-heading-title{padding:0;margin:0;line-height:1}.elementor-widget-heading .elementor-heading-title[class*=elementor-size-]>a{color:inherit;font-size:inherit;line-height:inherit}.elementor-widget-heading .elementor-heading-title.elementor-size-small{font-size:15px}.elementor-widget-heading .elementor-heading-title.elementor-size-medium{font-size:19px}.elementor-widget-heading .elementor-heading-title.elementor-size-large{font-size:29px}.elementor-widget-heading .elementor-heading-title.elementor-size-xl{font-size:39px}.elementor-widget-heading .elementor-heading-title.elementor-size-xxl{font-size:59px}<\/style><h2 class=\"elementor-heading-title elementor-size-default\">Contactez nous\n<\/h2>\t\t<\/div>\n\t\t\t\t<\/div>\n\t\t\t\t\t<\/div>\n\t\t<\/div>\n\t\t\t\t\t\t\t<\/div>\n\t\t<\/section>\n\t\t\t\t<div class=\"elementor-element elementor-element-95904bf elementor-widget elementor-widget-shortcode\" data-id=\"95904bf\" data-element_type=\"widget\" data-widget_type=\"shortcode.default\">\n\t\t\t\t<div class=\"elementor-widget-container\">\n\t\t\t\t\t<div class=\"elementor-shortcode\"><div class=\"forminator-ui forminator-custom-form forminator-custom-form-64677 forminator-design--material  \" data-forminator-render=\"0\" data-form=\"forminator-module-64677\" data-uid=\"69f65c21857b3\"><br\/><\/div><form\n\t\t\t\tid=\"forminator-module-64677\"\n\t\t\t\tclass=\"forminator-ui forminator-custom-form forminator-custom-form-64677 forminator-design--material  \"\n\t\t\t\tmethod=\"post\"\n\t\t\t\tdata-forminator-render=\"0\"\n\t\t\t\tdata-form-id=\"64677\"\n\t\t\t\t\n\t\t\t\tdata-design=\"material\"\n\t\t\t\t\n\t\t\t\t\n\t\t\t\t\n\t\t\t\tdata-grid=\"open\"\n\t\t\t\t\n\t\t\t\t\n\t\t\t\tstyle=\"display: none;\"\n\t\t\t\t\n\t\t\t\tdata-uid=\"69f65c21857b3\"\n\t\t\t><div role=\"alert\" aria-live=\"polite\" class=\"forminator-response-message forminator-error\" aria-hidden=\"true\"><\/div><div class=\"forminator-row\"><div id=\"name-1\" class=\"forminator-field-name forminator-col forminator-col-6 \"><div class=\"forminator-field\"><label for=\"forminator-field-name-1_69f65c21857b3\" id=\"forminator-field-name-1_69f65c21857b3-label\" class=\"forminator-label\">Nom Pr\u00e9nom <span class=\"forminator-required\">*<\/span><\/label><input type=\"text\" name=\"name-1\" value=\"\" placeholder=\"ex. Jean Doe\" id=\"forminator-field-name-1_69f65c21857b3\" class=\"forminator-input forminator-name--field\" aria-required=\"true\" \/><\/div><\/div><div id=\"name-2\" class=\"forminator-field-name forminator-col forminator-col-6 \"><div class=\"forminator-field\"><label for=\"forminator-field-name-2_69f65c21857b3\" id=\"forminator-field-name-2_69f65c21857b3-label\" class=\"forminator-label\">Nom de l&#039;entreprise<\/label><input type=\"text\" name=\"name-2\" value=\"\" placeholder=\"Ex. Microsoft\" id=\"forminator-field-name-2_69f65c21857b3\" class=\"forminator-input forminator-name--field\" aria-required=\"false\" \/><\/div><\/div><\/div><div class=\"forminator-row\"><div id=\"phone-1\" class=\"forminator-field-phone forminator-col forminator-col-6 \"><div class=\"forminator-field\"><label for=\"forminator-field-phone-1_69f65c21857b3\" id=\"forminator-field-phone-1_69f65c21857b3-label\" class=\"forminator-label\">Num\u00e9ro de t\u00e9l\u00e9phone <span class=\"forminator-required\">*<\/span><\/label><input type=\"text\" name=\"phone-1\" value=\"\" placeholder=\"E.g. +1 3004005000\" id=\"forminator-field-phone-1_69f65c21857b3\" class=\"forminator-input forminator-field--phone\" data-required=\"1\" aria-required=\"true\" autocomplete=\"off\" data-national_mode=\"disabled\" data-country=\"lu\" data-validation=\"international\" \/><\/div><\/div><div id=\"email-1\" class=\"forminator-field-email forminator-col forminator-col-6 \"><div class=\"forminator-field\"><label for=\"forminator-field-email-1_69f65c21857b3\" id=\"forminator-field-email-1_69f65c21857b3-label\" class=\"forminator-label\">Adresse email <span class=\"forminator-required\">*<\/span><\/label><input type=\"email\" name=\"email-1\" value=\"\" placeholder=\"E.g. john@doe.com\" id=\"forminator-field-email-1_69f65c21857b3\" class=\"forminator-input forminator-email--field\" data-required=\"true\" aria-required=\"true\" \/><\/div><\/div><\/div><div class=\"forminator-row\"><div id=\"select-1\" class=\"forminator-field-select forminator-col forminator-col-6  citysel\"><div class=\"forminator-field\"><select  id=\"forminator-form-64677__field--select-1_69f65c21857b3\" class=\"forminator-select--field forminator-select2 forminator-select2-multiple\" data-required=\"1\" name=\"select-1\" data-default-value=\"\" data-placeholder=\"Ville*\" data-search=\"false\" data-search-placeholder=\"Ville*\" data-checkbox=\"false\" data-allow-clear=\"false\" aria-labelledby=\"forminator-form-64677__field--select-1_69f65c21857b3-label\"><option value=\"\"  >Ville*<\/option><option value=\"luxembourg\"  data-calculation=\"0\">Luxembourg<\/option><option value=\"londres\"  data-calculation=\"0\">Londres<\/option><option value=\"dubai\"  data-calculation=\"0\">Dubai<\/option><option value=\"paris\"  data-calculation=\"0\">Paris<\/option><option value=\"madrid\"  data-calculation=\"0\">Madrid<\/option><option value=\"berlin\"  data-calculation=\"0\">Berlin<\/option><option value=\"munich\"  data-calculation=\"0\">Munich<\/option><option value=\"bruxelles\"  data-calculation=\"0\">Bruxelles<\/option><option value=\"amsterdam\"  data-calculation=\"0\">Amsterdam<\/option><\/select><\/div><\/div><div id=\"text-1\" class=\"forminator-field-text forminator-col forminator-col-6  m-top-20\"><div class=\"forminator-field\"><input type=\"text\" name=\"text-1\" value=\"\" placeholder=\"Quartier privil\u00e9gi\u00e9\" id=\"forminator-field-text-1_69f65c21857b3\" class=\"forminator-input forminator-name--field\" data-required=\"\" \/><\/div><\/div><\/div><div class=\"forminator-row\"><div id=\"date-1\" class=\"forminator-field-date forminator-col forminator-col-6 \"><div class=\"forminator-field\"><label for=\"forminator-field-date-1-picker_69f65c21857b3\" id=\"forminator-field-date-1-picker_69f65c21857b3-label\" class=\"forminator-label\">Arriv\u00e9e <span class=\"forminator-required\">*<\/span><\/label><div class=\"forminator-input-with-icon\"><span class=\"forminator-icon-calendar\" aria-hidden=\"true\"><\/span><input autocomplete=\"off\" type=\"text\" size=\"1\" name=\"date-1\" value=\"\" placeholder=\"Choose Date\" id=\"forminator-field-date-1-picker_69f65c21857b3\" class=\"forminator-input forminator-datepicker\" data-required=\"1\" data-format=\"dd\/mm\/yy\" data-restrict-type=\"\" data-restrict=\"\" data-start-year=\"1926\" data-end-year=\"2126\" data-past-dates=\"enable\" data-start-of-week=\"1\" data-start-date=\"\" data-end-date=\"\" data-start-field=\"\" data-end-field=\"\" data-start-offset=\"\" data-end-offset=\"\" data-disable-date=\"\" data-disable-range=\"\" \/><\/div><\/div><\/div><div id=\"date-2\" class=\"forminator-field-date forminator-col forminator-col-6 \"><div class=\"forminator-field\"><label for=\"forminator-field-date-2-picker_69f65c21857b3\" id=\"forminator-field-date-2-picker_69f65c21857b3-label\" class=\"forminator-label\">D\u00e9part <span class=\"forminator-required\">*<\/span><\/label><div class=\"forminator-input-with-icon\"><span class=\"forminator-icon-calendar\" aria-hidden=\"true\"><\/span><input autocomplete=\"off\" type=\"text\" size=\"1\" name=\"date-2\" value=\"\" placeholder=\"Choose Date\" id=\"forminator-field-date-2-picker_69f65c21857b3\" class=\"forminator-input forminator-datepicker\" data-required=\"1\" data-format=\"dd-mm-yy\" data-restrict-type=\"\" data-restrict=\"\" data-start-year=\"1926\" data-end-year=\"2126\" data-past-dates=\"enable\" data-start-of-week=\"1\" data-start-date=\"\" data-end-date=\"\" data-start-field=\"\" data-end-field=\"\" data-start-offset=\"\" data-end-offset=\"\" data-disable-date=\"\" data-disable-range=\"\" \/><\/div><\/div><\/div><\/div><div class=\"forminator-row\"><div id=\"number-1\" class=\"forminator-field-number forminator-col forminator-col-4 \"><div class=\"forminator-field\"><label for=\"forminator-field-number-1_69f65c21857b3\" id=\"forminator-field-number-1_69f65c21857b3-label\" class=\"forminator-label\">Adultes <span class=\"forminator-required\">*<\/span><\/label><input name=\"number-1\" value=\"1\" placeholder=\"E.g. 1\" id=\"forminator-field-number-1_69f65c21857b3\" class=\"forminator-input forminator-number--field\" inputmode=\"decimal\" data-required=\"1\" data-decimals=\"0\" aria-required=\"true\" data-inputmask=\"&#039;groupSeparator&#039;: &#039;&#039;, &#039;radixPoint&#039;: &#039;&#039;, &#039;digits&#039;: &#039;0&#039;\" type=\"number\" step=\"any\" min=\"1\" max=\"150\" \/><\/div><\/div><div id=\"number-2\" class=\"forminator-field-number forminator-col forminator-col-4 \"><div class=\"forminator-field\"><label for=\"forminator-field-number-2_69f65c21857b3\" id=\"forminator-field-number-2_69f65c21857b3-label\" class=\"forminator-label\">Enfants <span class=\"forminator-required\">*<\/span><\/label><input name=\"number-2\" value=\"0\" placeholder=\"E.g. 2\" id=\"forminator-field-number-2_69f65c21857b3\" class=\"forminator-input forminator-number--field\" inputmode=\"decimal\" data-required=\"1\" data-decimals=\"0\" aria-required=\"true\" data-inputmask=\"&#039;groupSeparator&#039;: &#039;&#039;, &#039;radixPoint&#039;: &#039;&#039;, &#039;digits&#039;: &#039;0&#039;\" type=\"number\" step=\"any\" min=\"0\" max=\"10\" \/><\/div><\/div><div id=\"select-2\" class=\"forminator-field-select forminator-col forminator-col-4 \"><div class=\"forminator-field\"><label for=\"forminator-form-64677__field--select-2_69f65c21857b3\" id=\"forminator-form-64677__field--select-2_69f65c21857b3-label\" class=\"forminator-label\">Nombre de chambres <span class=\"forminator-required\">*<\/span><\/label><select  id=\"forminator-form-64677__field--select-2_69f65c21857b3\" class=\"forminator-select--field forminator-select2 forminator-select2-multiple\" data-required=\"1\" name=\"select-2\" data-default-value=\"Studio\" data-hidden-behavior=\"zero\" data-placeholder=\"Choisir\" data-search=\"false\" data-search-placeholder=\"Choisir\" data-checkbox=\"false\" data-allow-clear=\"false\" aria-labelledby=\"forminator-form-64677__field--select-2_69f65c21857b3-label\"><option value=\"\"  >Choisir<\/option><option value=\"Studio\" selected=\"selected\" data-calculation=\"0\">Studio<\/option><option value=\"1-chambre\"  data-calculation=\"0\">1 chambre<\/option><option value=\"2-chambres\"  data-calculation=\"0\">2 chambres<\/option><option value=\"2-chambres\"  data-calculation=\"0\">3 chambres<\/option><option value=\"2-chambres\"  data-calculation=\"0\">4 chambres<\/option><option value=\"2-chambres\"  data-calculation=\"0\">5 chambres<\/option><\/select><\/div><\/div><\/div><div class=\"forminator-row\"><div id=\"number-3\" class=\"forminator-field-number forminator-col forminator-col-6  smalllabel\"><div class=\"forminator-field\"><label for=\"forminator-field-number-3_69f65c21857b3\" id=\"forminator-field-number-3_69f65c21857b3-label\" class=\"forminator-label\">Budget mensuel maximum <span class=\"forminator-required\">*<\/span><\/label><input name=\"number-3\" value=\"\" placeholder=\"Ex. 1500\" id=\"forminator-field-number-3_69f65c21857b3\" class=\"forminator-input forminator-number--field\" inputmode=\"decimal\" data-required=\"1\" data-decimals=\"0\" aria-required=\"true\" data-inputmask=\"&#039;groupSeparator&#039;: &#039;&#039;, &#039;radixPoint&#039;: &#039;&#039;, &#039;digits&#039;: &#039;0&#039;\" type=\"number\" step=\"any\" min=\"2500\" \/><\/div><\/div><div id=\"select-3\" class=\"forminator-field-select forminator-col forminator-col-6 \"><div class=\"forminator-field\"><label for=\"forminator-form-64677__field--select-3_69f65c21857b3\" id=\"forminator-form-64677__field--select-3_69f65c21857b3-label\" class=\"forminator-label\">Devise <span class=\"forminator-required\">*<\/span><\/label><select  id=\"forminator-form-64677__field--select-3_69f65c21857b3\" class=\"forminator-select--field forminator-select2 forminator-select2-multiple\" data-required=\"1\" name=\"select-3\" data-default-value=\"EUR\" data-hidden-behavior=\"zero\" data-placeholder=\"Merci de choisir une option\" data-search=\"false\" data-search-placeholder=\"Merci de choisir une option\" data-checkbox=\"false\" data-allow-clear=\"false\" aria-labelledby=\"forminator-form-64677__field--select-3_69f65c21857b3-label\"><option value=\"\"  >Merci de choisir une option<\/option><option value=\"EUR\" selected=\"selected\" data-calculation=\"0\">EUR<\/option><option value=\"GBP\"  data-calculation=\"0\">GBP<\/option><option value=\"AED\"  data-calculation=\"0\">AED<\/option><\/select><\/div><\/div><\/div><div class=\"forminator-row\"><div id=\"textarea-1\" class=\"forminator-field-textarea forminator-col forminator-col-12 \"><div class=\"forminator-field\"><label for=\"forminator-field-textarea-1_69f65c21857b3\" id=\"forminator-field-textarea-1_69f65c21857b3-label\" class=\"forminator-label\">Message<\/label><textarea name=\"textarea-1\" placeholder=\"Enter your message...\" id=\"forminator-field-textarea-1_69f65c21857b3\" class=\"forminator-textarea\" rows=\"6\" style=\"min-height:140px;\" maxlength=\"180\" ><\/textarea><span id=\"forminator-field-textarea-1_69f65c21857b3-description\" class=\"forminator-description\"><span data-limit=\"180\" data-type=\"characters\" data-editor=\"\">0 \/ 180<\/span><\/span><\/div><\/div><\/div><div class=\"forminator-row\"><\/div><input type=\"hidden\" name=\"referer_url\" value=\"\" \/><div class=\"forminator-row forminator-row-last\"><div class=\"forminator-col\"><div class=\"forminator-field\"><button class=\"forminator-button forminator-button-submit\"><span>Envoyer un message<\/span><span aria-hidden=\"true\"><\/span><\/button><\/div><\/div><\/div><input type=\"hidden\" id=\"forminator_nonce\" name=\"forminator_nonce\" value=\"951f39d316\" \/><input type=\"hidden\" name=\"_wp_http_referer\" value=\"\/fr\/wp-json\/wp\/v2\/pages\/64693\" \/><input type=\"hidden\" name=\"form_id\" value=\"64677\"><input type=\"hidden\" name=\"page_id\" value=\"64693\"><input type=\"hidden\" name=\"form_type\" value=\"default\"><input type=\"hidden\" name=\"current_url\" value=\"https:\/\/www.luxflat.lu\/fr\/contactez-nous\/\"><input type=\"hidden\" name=\"render_id\" value=\"0\"><input type=\"hidden\" name=\"action\" value=\"forminator_submit_form_custom-forms\"><\/form><\/div>\n\t\t\t\t<\/div>\n\t\t\t\t<\/div>\n\t\t\t\t\t<\/div>\n\t\t<\/div>\n\t\t\t\t\t\t\t<\/div>\n\t\t<\/section>\n\t\t\t\t\t\t\t<\/div>\n\t\t","protected":false},"excerpt":{"rendered":"<p>Nous serions ravis de vous aider \u00e0 pr\u00e9parer votre d\u00e9m\u00e9nagement ou \u00e0 trouver la maison parfaite pour votre prochain s\u00e9jour au Luxembourg. Faites-nous part de vos besoins en mati\u00e8re d\u2019h\u00e9bergement et notre \u00e9quipe vous enverra des options correspondantes \u00e0 la vitesse de l\u2019\u00e9clair. Contactez nous<\/p>\n","protected":false},"author":1,"featured_media":0,"parent":0,"menu_order":0,"comment_status":"closed","ping_status":"closed","template":"elementor_header_footer","meta":{"_acf_changed":false,"inline_featured_image":false,"footnotes":""},"class_list":["post-64693","page","type-page","status-publish","hentry"],"acf":[],"aioseo_notices":[],"_links":{"self":[{"href":"https:\/\/www.luxflat.lu\/fr\/wp-json\/wp\/v2\/pages\/64693","targetHints":{"allow":["GET"]}}],"collection":[{"href":"https:\/\/www.luxflat.lu\/fr\/wp-json\/wp\/v2\/pages"}],"about":[{"href":"https:\/\/www.luxflat.lu\/fr\/wp-json\/wp\/v2\/types\/page"}],"author":[{"embeddable":true,"href":"https:\/\/www.luxflat.lu\/fr\/wp-json\/wp\/v2\/users\/1"}],"replies":[{"embeddable":true,"href":"https:\/\/www.luxflat.lu\/fr\/wp-json\/wp\/v2\/comments?post=64693"}],"version-history":[{"count":7,"href":"https:\/\/www.luxflat.lu\/fr\/wp-json\/wp\/v2\/pages\/64693\/revisions"}],"predecessor-version":[{"id":152127,"href":"https:\/\/www.luxflat.lu\/fr\/wp-json\/wp\/v2\/pages\/64693\/revisions\/152127"}],"wp:attachment":[{"href":"https:\/\/www.luxflat.lu\/fr\/wp-json\/wp\/v2\/media?parent=64693"}],"curies":[{"name":"wp","href":"https:\/\/api.w.org\/{rel}","templated":true}]}}